{"id":74,"date":"2018-05-23T11:19:45","date_gmt":"2018-05-23T09:19:45","guid":{"rendered":"http:\/\/mueller-it-berlin.de\/?page_id=74"},"modified":"2018-05-23T11:19:45","modified_gmt":"2018-05-23T09:19:45","slug":"datenschutzhinweise","status":"publish","type":"page","link":"https:\/\/mueller-it-berlin.de\/?page_id=74","title":{"rendered":"Datenschutzhinweise"},"content":{"rendered":"<h1><strong>m.mueller IT &#8211; Services allg. <\/strong><strong>Datenschutzhinweise<\/strong><\/h1>\n<h2><strong>Datenschutzhinweise<\/strong><\/h2>\n<p>der Firma m.mueller IT &#8211; Services , Gesch\u00e4ftsf\u00fchrer: Maximilian M\u00fcller, Forbacher Str. 12, 14169 Berlin<\/p>\n<h2><strong>Inhalt:<\/strong><\/h2>\n<ol>\n<li>Name und Kontaktdaten der verantwortlichen Stelle<\/li>\n<li>Erhebung und Speicherung personenbezogener Daten; Art, Zweck und Verwendung<\/li>\n<li>Weitergabe von Daten an Dritte<\/li>\n<li>Ihre Rechte als betroffene Person<\/li>\n<li>Ihr Recht auf Widerspruch<\/li>\n<li>Datenverarbeitung \u00fcber unsere Website<\/li>\n<\/ol>\n<h2><strong>1. Name und Kontaktdaten der verantwortlichen Stelle<\/strong><\/h2>\n<p>Diese Datenschutzhinweise gelten f\u00fcr uns,<\/p>\n<p style=\"padding-left: 30px;\">der Firma m.mueller IT &#8211; Services<\/p>\n<p style=\"padding-left: 30px;\">Gesch\u00e4ftsf\u00fchrer: Maximilian M\u00fcller<\/p>\n<p style=\"padding-left: 30px;\">Forbacher Str. 12<\/p>\n<p style=\"padding-left: 30px;\">14169 Berlin<\/p>\n<p style=\"padding-left: 30px;\">Tel.: 0163 733 63 84<\/p>\n<p style=\"padding-left: 30px;\">E-Mail: m.mueller-it-berlin.de<\/p>\n<p>als verantwortliche Stelle.<\/p>\n<h2><strong>2. Erhebung und Speicherung personenbezogener Daten; Art, Zweck und Verwendung<\/strong><\/h2>\n<p>Wenn Sie uns beauftragen, werden folgende Informationen erhoben:<\/p>\n<ul>\n<li>Anrede, Titel, Vorname, Nachname<\/li>\n<li>Anschrift<\/li>\n<li>E-Mail-Adresse<\/li>\n<li>Telefonnummer (Festnetz und\/oder Mobilfunk)<\/li>\n<li>ggf. Faxnummer (wenn vorhanden &amp; gew\u00fcnscht)<\/li>\n<li>ggf. Kontodaten<\/li>\n<li>ggf. Geburtsdatum<\/li>\n<\/ul>\n<p>Au\u00dferdem werden alle Informationen erhoben, die f\u00fcr die Erf\u00fcllung des Vertrages mit Ihnen notwendig sind.<\/p>\n<p>Die Erhebung der personenbezogenen Daten erfolgt,<\/p>\n<ul>\n<li>um Sie als Kunden identifizieren zu k\u00f6nnen;<\/li>\n<li>um Sie angemessen beraten zu k\u00f6nnen;<\/li>\n<li>um unsere vertraglichen Pflichten Ihnen gegen\u00fcber erf\u00fcllen zu k\u00f6nnen;<\/li>\n<li>um unseren gesetzlichen Verpflichtungen nachkommen zu k\u00f6nnen:<\/li>\n<li>zur Korrespondenz mit Ihnen;<\/li>\n<li>zur Rechnungsstellung bzw. ggf. im Rahmen des Mahnwesens;<\/li>\n<li>zu Zwecken der zul\u00e4ssigen Direktwerbung;<\/li>\n<li>zur Geltendmachung etwaiger Anspr\u00fcche gegen Sie.<\/li>\n<\/ul>\n<p>Die Verarbeitung der personenbezogenen Daten erfolgt anl\u00e4sslich Ihrer Anfrage bei uns und ist zu den genannten Zwecken f\u00fcr die Bearbeitung Ihres Auftrags und f\u00fcr die Erf\u00fcllung von Verpflichtungen aus dem zugrundeliegenden Vertrag erforderlich.<\/p>\n<p>Die erhobenen personenbezogenen Daten werden bis zum Ablauf der gesetzlichen Aufbewahrungspflicht f\u00fcr Kaufleute (6, 8 oder 10 Jahre nach Ablauf des Kalenderjahres, in dem das Vertragsverh\u00e4ltnis beendet wurde,) gespeichert und danach gel\u00f6scht. Dies gilt ausnahmsweise nicht, wenn wir aufgrund von steuer- oder handelsrechtlichen Aufbewahrungspflichten (gem\u00e4\u00df HGB, StGB oder AO) zu einer l\u00e4ngeren Speicherung verpflichtet sind oder wenn Sie in eine dar\u00fcberhinausgehende Speicherung eingewilligt haben.<\/p>\n<h2><strong>3. Weitergabe von Daten an Dritte<\/strong><\/h2>\n<p>Eine \u00dcbermittlung Ihrer personenbezogenen Daten an Dritte findet grunds\u00e4tzlich nicht statt. Ausnahmen hiervon gelten nur, soweit dies f\u00fcr die Abwicklung von Vertragsverh\u00e4ltnissen mit Ihnen erforderlich ist. Hierzu z\u00e4hlt insbesondere die Weitergabe an von uns beauftragte Dienstleister (sog. Auftragsverarbeiter) oder sonstige Dritte, deren T\u00e4tigkeit f\u00fcr die Vertragsdurchf\u00fchrung erforderlich ist (z.B. Versandunternehmen oder Banken). Die weitergegebenen Daten d\u00fcrfen von den Dritten ausschlie\u00dflich zu den genannten Zwecken verwendet werden.<\/p>\n<h2><strong>4. Ihre Rechte als betroffene Person<\/strong><\/h2>\n<p>Ihnen als von der Datenverarbeitung betroffenen Person stehen verschiedene Rechte zu:<\/p>\n<ul>\n<li>Widerrufsrecht: Von Ihnen erteilte Einwilligungen k\u00f6nnen Sie jederzeit uns gegen\u00fcber widerrufen. Die Datenverarbeitung, die auf der widerrufenen Einwilligung beruht, darf dann f\u00fcr die Zukunft nicht mehr fortgef\u00fchrt werden.<\/li>\n<li>Auskunftsrecht: Sie k\u00f6nnen Auskunft \u00fcber Ihre von uns verarbeiteten personenbezogenen Daten verlangen. Dies gilt insbesondere f\u00fcr die Zwecke der Datenverarbeitungen, die Kategorien der personenbezogenen Daten, ggf. die Kategorien von Empf\u00e4ngern, die Speicherdauer, ggf. die Herkunft Ihrer Daten sowie ggf. f\u00fcr das Bestehen einer automatisierten Entscheidungsfindung einschlie\u00dflich Profiling und ggf. aussagekr\u00e4ftigen Informationen zu deren Details.<\/li>\n<li>Berichtigungsrecht: Sie k\u00f6nnen die Berichtigung unrichtiger oder die Vervollst\u00e4ndigung Ihrer bei uns gespeicherten personenbezogenen Daten verlangen.<\/li>\n<li>L\u00f6schungsrecht: Sie k\u00f6nnen die L\u00f6schung Ihrer bei uns gespeicherten personenbezogenen Daten verlangen, soweit deren Verarbeitung nicht zur Aus\u00fcbung des Rechts auf freie Meinungs\u00e4u\u00dferung und Information, zur Erf\u00fcllung einer rechtlichen Verpflichtung, aus Gr\u00fcnden des \u00f6ffentlichen Interesses oder zur Geltendmachung, Aus\u00fcbung oder Verteidigung von Rechtsanspr\u00fcchen erforderlich ist.<\/li>\n<li>Recht auf Einschr\u00e4nkung der Verarbeitung: Sie k\u00f6nnen die Einschr\u00e4nkung der Verarbeitung Ihrer personenbezogenen Daten verlangen, soweit die Richtigkeit der Daten von Ihnen bestritten wird, die Verarbeitung unrechtm\u00e4\u00dfig ist, Sie aber deren L\u00f6schung ablehnen. Au\u00dferdem steht Ihnen dieses Recht zu, wenn wir die Daten nicht mehr ben\u00f6tigen, Sie diese jedoch zur Geltendmachung, Aus\u00fcbung oder Verteidigung von Rechtsanspr\u00fcchen ben\u00f6tigen. Dar\u00fcber hinaus haben Sie dieses Recht, wenn Sie Widerspruch gegen die Verarbeitung Ihrer personenbezogenen Daten eingelegt haben;<\/li>\n<li>Recht auf Daten\u00fcbertragbarkeit: Sie k\u00f6nnen verlangen, dass wir Ihnen Ihre personenbezogenen Daten, die Sie uns bereitgestellt haben, in einem strukturierten, g\u00e4ngigen und maschinenlesebaren Format \u00fcbermitteln. Alternativ k\u00f6nnen Sie die direkte \u00dcbermittlung der von Ihnen uns bereitgestellten personenbezogenen Daten an einen anderen Verantwortlichen verlangen, soweit dies m\u00f6glich ist.<\/li>\n<li>Beschwerderecht: Sie k\u00f6nnen sich bei der f\u00fcr uns zust\u00e4ndigen Aufsichtsbeh\u00f6rde beschweren, z.B. wenn Sie der Ansicht sind, dass wir Ihre personenbezogenen Daten in unrechtm\u00e4\u00dfiger Weise verarbeiten.<\/li>\n<\/ul>\n<h2><strong>5. Ihr Recht auf Widerspruch<\/strong><\/h2>\n<p>Sofern wir Ihre personenbezogenen Daten auf Basis eines berechtigten Interesses verarbeiten, haben Sie das Recht, Widerspruch gegen diese Verarbeitung einzulegen. M\u00f6chten Sie von Ihrem Widerspruchsrecht Gebrauch machen, gen\u00fcgt eine Mitteilung in Textform. Sie k\u00f6nnen uns also gerne anschreiben, ein Fax schicken oder sich per E-Mail an uns wenden. Unsere Kontaktdaten finden Sie unter Punkt 1. dieser Datenschutzhinweise.<\/p>\n<h2><strong>6. Datenverarbeitung online<\/strong><\/h2>\n<p>Auch \u00fcber unsere Internetseite unter www.mueller-it-berlin.de erfolgt die Verarbeitung bestimmter personenbezogener Daten, u.a. der IP-Adresse der Website-Besucher.\t\t<\/p>\n","protected":false},"excerpt":{"rendered":"<p>m.mueller IT &#8211; Services allg. Datenschutzhinweise Datenschutzhinweise der Firma m.mueller IT &#8211; Services , Gesch\u00e4ftsf\u00fchrer: Maximilian M\u00fcller, Forbacher Str. 12, 14169 Berlin Inhalt: Name und Kontaktdaten der verantwortlichen Stelle Erhebung und Speicherung personenbezogener Daten; Art, Zweck und Verwendung Weitergabe von Daten an Dritte Ihre Rechte als betroffene Person Ihr Recht auf Widerspruch Datenverarbeitung \u00fcber unsere Website 1. Name und Kontaktdaten<\/p>\n<p><a class=\"more-link\" href=\"https:\/\/mueller-it-berlin.de\/?page_id=74\">Weiterlesen<\/a><\/p>\n","protected":false},"author":1,"featured_media":0,"parent":0,"menu_order":0,"comment_status":"closed","ping_status":"closed","template":"","meta":{"footnotes":""},"class_list":["post-74","page","type-page","status-publish","hentry"],"_links":{"self":[{"href":"https:\/\/mueller-it-berlin.de\/index.php?rest_route=\/wp\/v2\/pages\/74","targetHints":{"allow":["GET"]}}],"collection":[{"href":"https:\/\/mueller-it-berlin.de\/index.php?rest_route=\/wp\/v2\/pages"}],"about":[{"href":"https:\/\/mueller-it-berlin.de\/index.php?rest_route=\/wp\/v2\/types\/page"}],"author":[{"embeddable":true,"href":"https:\/\/mueller-it-berlin.de\/index.php?rest_route=\/wp\/v2\/users\/1"}],"replies":[{"embeddable":true,"href":"https:\/\/mueller-it-berlin.de\/index.php?rest_route=%2Fwp%2Fv2%2Fcomments&post=74"}],"version-history":[{"count":0,"href":"https:\/\/mueller-it-berlin.de\/index.php?rest_route=\/wp\/v2\/pages\/74\/revisions"}],"wp:attachment":[{"href":"https:\/\/mueller-it-berlin.de\/index.php?rest_route=%2Fwp%2Fv2%2Fmedia&parent=74"}],"curies":[{"name":"wp","href":"https:\/\/api.w.org\/{rel}","templated":true}]}}